  {"id":1906,"date":"2016-12-05T09:40:14","date_gmt":"2016-12-05T09:40:14","guid":{"rendered":"https:\/\/www.st-andrews.ac.uk\/arche\/?page_id=1906"},"modified":"2022-08-16T13:48:40","modified_gmt":"2022-08-16T12:48:40","slug":"studying","status":"publish","type":"page","link":"https:\/\/www.st-andrews.ac.uk\/arche\/studying\/","title":{"rendered":"Studying at Arch\u00e9"},"content":{"rendered":"<h3><b><span lang=\"EN-US\">What is Arch\u00e9?<\/span><\/b><\/h3>\n<div>\n<p style=\"text-align: left;\">Arch\u00e9\u00a0is one of the world\u2019s leading centres for philosophical research and education. Our work is focused on topics in epistemology, philosophy of language, philosophical logic, metaphysics and philosophy of mind.<\/p>\n<p style=\"text-align: left;\">Our goal at Arch\u00e9 is to give students an opportunity to be part of a community centred around common philosophical interests, collaborative research and a bustling schedule of activities.<\/p>\n<\/div>\n<h3><b><span lang=\"EN-US\">Research at Arch\u00e9<\/span><\/b><\/h3>\n<p>Arch\u00e9 currently features five\u00a0<a href=\"https:\/\/www.st-andrews.ac.uk\/arche\/research\/research-projects\/\">research streams<\/a>. Each stream is organised around a weekly seminar taking place during term time and various unique events, like workshops or conferences. Seminars feature a mix of invited speakers, talks by members of the stream and discussion of research articles of interest to seminar participants.<\/p>\n<p>To ensure that students make the most of Arch\u00e9, each student must participate in two research streams. In their primary stream, it is expected that students participate actively, either by presenting their work at least once a year or by helping organise the activities of the seminar. For the secondary stream, regular attendance is expected. Moreover, an Arch\u00e9 student typically has as their main supervisor, a member of the\u00a0<a href=\"https:\/\/www.st-andrews.ac.uk\/arche\/?page_id=1834\">Arch\u00e9 faculty<\/a>.<\/p>\n<p>In addition to the research streams, Arch\u00e9 members often organise discussion groups or reading groups. Recently, students have led reading groups where they focused on one book, reading from start to finish. Latest reads include Angela Davis\u2019 <em>Women, Race and Class<\/em> and Patricia Hill Collins\u2019 <em>Black Feminist Thought. <\/em>These reading groups are an excellent way for students to explore interests that are not covered by the research streams. Moreover, staff members often also lead discussion groups on their latest work. For instance, Professor Gillian Russell recently led a reading group on her latest book <em>Barriers to Entailment<\/em>.<\/p>\n<p>Each year Arch\u00e9 organises many major\u00a0<a href=\"https:\/\/www.st-andrews.ac.uk\/arche\/?post_type=tribe_events&amp;tribe_event_display=list\">workshops and conferences<\/a>\u00a0and hosts many philosophers from around the world. This puts Arch\u00e9 students in direct and regular contact with the leading philosophers in their fields. This gives students the opportunity to meet researchers who are not based in ºÚÁÏ³Ô¹ÏÍø all year long, whether they are <a href=\"https:\/\/www.st-andrews.ac.uk\/arche\/members\/\">professorial fellows<\/a>,<a href=\"https:\/\/www.st-andrews.ac.uk\/arche\/visiting\/arche-visitors\/previous-visitors-to-arche\/\"> research visitors or visiting speakers<\/a>. Professorial fellows are professors at other universities, hired part-time by Arch\u00e9 for a period of five years, who visit ºÚÁÏ³Ô¹ÏÍø for five weeks per year. They conduct numerous seminars and reading groups and can sometimes serve as a secondary supervisor for postgraduate students.<\/p>\n<p>By participating to the life of the centre, students will be able to learn about up-and-coming research, meet experts in their fields, as well as improve their own research by collaborating with other members. For instance, Arch\u00e9 students are able and encouraged to present their work at seminars, which enables them to gain valuable feedback from their peers, as well as senior members of staff who are not supervising them directly. This model has proved an immensely successful strategy for developing our student\u2019s interests and skills.<\/p>\n<h3><b><span lang=\"EN-US\">Arch\u00e9, the Building<\/span><\/b><\/h3>\n<p>Arch\u00e9 is not simply a research centre, it is also a building. Indeed, Arch\u00e9 members benefit from offices located in the Arch\u00e9 Centre, situated in College Street, at the centre of the old town of ºÚÁÏ³Ô¹ÏÍø. Arch\u00e9 students are assigned to an office, often shared with other students, which enables them to be in close contact with their peers. This contributes significantly to Arch\u00e9\u2019s close and collaborative research environment.<\/p>\n<p>Moreover, the physical building boasts a stunning courtyard, perfect to grab lunch with other students and discuss ideas. There is also a shared kitchen\/common lounge, as well as a community garden in the making.<\/p>\n<p>By being physically all in the same place, Arch\u00e9 students can easily interact. Moreover, this fosters a welcoming community, where members are often found eating together or knocking on each other\u2019s doors to grab a coffee or a drink after work together.<\/p>\n<figure id=\"attachment_9108\" aria-describedby=\"caption-attachment-9108\" style=\"width: 960px\" class=\"wp-caption alignleft\"><img loading=\"lazy\" decoding=\"async\" class=\"size-large wp-image-9108\" src=\"https:\/\/www.st-andrews.ac.uk\/arche\/wp-content\/uploads\/2022\/08\/Picture-1-1024x598.jpg\" alt=\"\" width=\"960\" height=\"561\" srcset=\"https:\/\/www.st-andrews.ac.uk\/arche\/wp-content\/uploads\/2022\/08\/Picture-1-1024x598.jpg 1024w, https:\/\/www.st-andrews.ac.uk\/arche\/wp-content\/uploads\/2022\/08\/Picture-1-300x175.jpg 300w, https:\/\/www.st-andrews.ac.uk\/arche\/wp-content\/uploads\/2022\/08\/Picture-1-768x449.jpg 768w, https:\/\/www.st-andrews.ac.uk\/arche\/wp-content\/uploads\/2022\/08\/Picture-1.jpg 1390w\" sizes=\"auto, (max-width: 960px) 100vw, 960px\" \/><figcaption id=\"caption-attachment-9108\" class=\"wp-caption-text\">Arch\u00e9 students eating lunch together in the Arch\u00e9 Courtyard. Six students are seen eating around a table. In the background, there are plants, and the courtyard is enclosed by a wall made of stones.<\/figcaption><\/figure>\n<h3>Other Opportunities<\/h3>\n<p>Each year, Arch\u00e9 organises a reading party: a week-long excursion to the Scottish countryside. There, some of the participants give talks in an idyllic setting and all go on hikes and enjoy philosophical chats. The reading party is a great way to get to know each other better.<\/p>\n<p>Arch\u00e9 encourages its students to participate in international exchanges: most Arch\u00e9 students spend one or two terms at another institution. In recent years students have visited ANU, NYU, OSU, UWO, Harvard and others.<\/p>\n<p>After their degrees are finished, many Arch\u00e9 students manage to find jobs in Academia. You can see our placement record here: <a href=\"https:\/\/www.st-andrews.ac.uk\/arche\/?page_id=1909\">placement record<\/a>.<\/p>\n<div><span lang=\"EN-US\">Finally, Arch\u00e9 is part of the wider philosophy department at the University of ºÚÁÏ³Ô¹ÏÍø and our students can benefit from the entire\u00a0<\/span><a href=\"http:\/\/www.st-andrews.ac.uk\/philosophy\/dept\/staffprofiles\/\" target=\"_blank\" rel=\"noopener\"><span lang=\"EN-US\">faculty<\/span><\/a><span lang=\"EN-US\">\u00a0at ºÚÁÏ³Ô¹ÏÍø. This enables students to also benefit from the activities organised outside of Arch\u00e9 and to collaborate with many more researchers.<\/span><\/div>\n<div>\n<h3><b>Student Testimonials<\/b><\/h3>\n<p><strong>Nick K\u00fcspert (2020 cohort) <\/strong><\/p>\n<p>&#8220;One of the best places at Arch\u00e9 is its courtyard: whether it&#8217;s academic discussions, emotional support or random chit-chat you need, the courtyard delivers!&#8221;<\/p>\n<figure id=\"attachment_9033\" aria-describedby=\"caption-attachment-9033\" style=\"width: 300px\" class=\"wp-caption alignnone\"><img loading=\"lazy\" decoding=\"async\" class=\"size-medium wp-image-9033\" src=\"https:\/\/www.st-andrews.ac.uk\/arche\/wp-content\/uploads\/2020\/10\/StA-300x225.jpg\" alt=\"\" width=\"300\" height=\"225\" srcset=\"https:\/\/www.st-andrews.ac.uk\/arche\/wp-content\/uploads\/2020\/10\/StA-300x225.jpg 300w, https:\/\/www.st-andrews.ac.uk\/arche\/wp-content\/uploads\/2020\/10\/StA-1024x767.jpg 1024w, https:\/\/www.st-andrews.ac.uk\/arche\/wp-content\/uploads\/2020\/10\/StA-768x575.jpg 768w, https:\/\/www.st-andrews.ac.uk\/arche\/wp-content\/uploads\/2020\/10\/StA.jpg 1280w\" sizes=\"auto, (max-width: 300px) 100vw, 300px\" \/><figcaption id=\"caption-attachment-9033\" class=\"wp-caption-text\">Portrait picture of Nick K\u00fcspert<\/figcaption><\/figure>\n<p>&nbsp;<\/p>\n<\/div>\n<div>\n<p><strong>Petronella Randell (2020 cohort)<\/strong><\/p>\n<p>&#8220;The friends I have made working in the Arch\u00e9 building have been invaluable in alerting me to opportunities, building my confidence, and fending off the isolation that can come with life as a PhD student. In addition, the Arch\u00e9 research environment is lively and stimulating \u2013 the seminars and reading groups often inspire exciting thoughts and discussions!&#8221;<\/p>\n<figure id=\"attachment_8683\" aria-describedby=\"caption-attachment-8683\" style=\"width: 254px\" class=\"wp-caption alignnone\"><img loading=\"lazy\" decoding=\"async\" class=\"size-medium wp-image-8683\" src=\"https:\/\/www.st-andrews.ac.uk\/arche\/wp-content\/uploads\/2022\/05\/Petronella-254x300.jpg\" alt=\"\" width=\"254\" height=\"300\" srcset=\"https:\/\/www.st-andrews.ac.uk\/arche\/wp-content\/uploads\/2022\/05\/Petronella-254x300.jpg 254w, https:\/\/www.st-andrews.ac.uk\/arche\/wp-content\/uploads\/2022\/05\/Petronella.jpg 480w\" sizes=\"auto, (max-width: 254px) 100vw, 254px\" \/><figcaption id=\"caption-attachment-8683\" class=\"wp-caption-text\">Portrait picture of Petronella Randell<\/figcaption><\/figure>\n<p>&nbsp;<\/p>\n<p><strong>Christopher Masterman (2020 cohort, Co-tutelle with the University Oslo) <\/strong><\/p>\n<p>&#8220;Arch\u00e9 is a fantastic, and welcoming, philosophical community. There&#8217;s always someone to have a chat with, or bounce an idea off, and, come 12 o&#8217;clock, there&#8217;s always a bunch of friendly fellow grad students enjoying lunch in the courtyard.\u00a0It&#8217;s been a privilege to be a part of it.&#8221;<\/p>\n<figure id=\"attachment_9109\" aria-describedby=\"caption-attachment-9109\" style=\"width: 290px\" class=\"wp-caption alignnone\"><img loading=\"lazy\" decoding=\"async\" class=\"size-medium wp-image-9109\" src=\"https:\/\/www.st-andrews.ac.uk\/arche\/wp-content\/uploads\/2022\/08\/Picture-1-290x300.png\" alt=\"\" width=\"290\" height=\"300\" srcset=\"https:\/\/www.st-andrews.ac.uk\/arche\/wp-content\/uploads\/2022\/08\/Picture-1-290x300.png 290w, https:\/\/www.st-andrews.ac.uk\/arche\/wp-content\/uploads\/2022\/08\/Picture-1.png 460w\" sizes=\"auto, (max-width: 290px) 100vw, 290px\" \/><figcaption id=\"caption-attachment-9109\" class=\"wp-caption-text\">Picture of Christopher Masterman<\/figcaption><\/figure>\n<p>&nbsp;<\/p>\n<p><strong>Lara Jost (2019 cohort)<\/strong><\/p>\n<p>&#8220;Being an Arch\u00e9 student is amazing: you can learn so much from other people that you interact daily with, whether it\u2019s about the latest philosophical articles, which conferences you should apply to, or the best coffee in town. I\u2019ve had way too many philosophical debates in that courtyard and all these informal chats have greatly helped inform my work. Finally, being able to learn from the invited speakers and other members of Arch\u00e9 in the research streams has been extremely helpful and intellectually nourishing.&#8221;<\/p>\n<figure id=\"attachment_9110\" aria-describedby=\"caption-attachment-9110\" style=\"width: 225px\" class=\"wp-caption alignnone\"><img loading=\"lazy\" decoding=\"async\" class=\"size-medium wp-image-9110\" src=\"https:\/\/www.st-andrews.ac.uk\/arche\/wp-content\/uploads\/2022\/08\/Picture-2-225x300.jpg\" alt=\"\" width=\"225\" height=\"300\" srcset=\"https:\/\/www.st-andrews.ac.uk\/arche\/wp-content\/uploads\/2022\/08\/Picture-2-225x300.jpg 225w, https:\/\/www.st-andrews.ac.uk\/arche\/wp-content\/uploads\/2022\/08\/Picture-2.jpg 421w\" sizes=\"auto, (max-width: 225px) 100vw, 225px\" \/><figcaption id=\"caption-attachment-9110\" class=\"wp-caption-text\">Portrait picture of Lara Jost<\/figcaption><\/figure>\n<p>&nbsp;<\/p>\n<\/div>\n","protected":false},"excerpt":{"rendered":"<p>What is Arch\u00e9? Arch\u00e9\u00a0is one of the world\u2019s leading centres for philosophical research and education. Our work is focused on topics in epistemology, philosophy of&#8230;<\/p>\n","protected":false},"author":1,"featured_media":0,"parent":0,"menu_order":0,"comment_status":"closed","ping_status":"closed","template":"page-templates\/fullwidth.php","meta":{"footnotes":"","_links_to":"","_links_to_target":""},"class_list":["post-1906","page","type-page","status-publish","hentry"],"_links":{"self":[{"href":"https:\/\/www.st-andrews.ac.uk\/arche\/wp-json\/wp\/v2\/pages\/1906","targetHints":{"allow":["GET"]}}],"collection":[{"href":"https:\/\/www.st-andrews.ac.uk\/arche\/wp-json\/wp\/v2\/pages"}],"about":[{"href":"https:\/\/www.st-andrews.ac.uk\/arche\/wp-json\/wp\/v2\/types\/page"}],"author":[{"embeddable":true,"href":"https:\/\/www.st-andrews.ac.uk\/arche\/wp-json\/wp\/v2\/users\/1"}],"replies":[{"embeddable":true,"href":"https:\/\/www.st-andrews.ac.uk\/arche\/wp-json\/wp\/v2\/comments?post=1906"}],"version-history":[{"count":18,"href":"https:\/\/www.st-andrews.ac.uk\/arche\/wp-json\/wp\/v2\/pages\/1906\/revisions"}],"predecessor-version":[{"id":9111,"href":"https:\/\/www.st-andrews.ac.uk\/arche\/wp-json\/wp\/v2\/pages\/1906\/revisions\/9111"}],"wp:attachment":[{"href":"https:\/\/www.st-andrews.ac.uk\/arche\/wp-json\/wp\/v2\/media?parent=1906"}],"curies":[{"name":"wp","href":"https:\/\/api.w.org\/{rel}","templated":true}]}}