  {"id":1909,"date":"2016-12-05T09:40:44","date_gmt":"2016-12-05T09:40:44","guid":{"rendered":"https:\/\/www.st-andrews.ac.uk\/arche\/?page_id=1909"},"modified":"2024-11-18T10:55:24","modified_gmt":"2024-11-18T10:55:24","slug":"placement-information","status":"publish","type":"page","link":"https:\/\/www.st-andrews.ac.uk\/arche\/placement-information\/","title":{"rendered":"Placement information"},"content":{"rendered":"<p>Arch\u00e9 has been extremely successful in placing its PhD graduates and postdoctoral research fellows in permanent teaching or continuing research posts, or in academic administration. Here are some details of recent postdoctoral fellows and PhD students and their post-Arche destinations:<\/p>\n<h2>Postdoctoral Research Fellows<\/h2>\n<p><strong>Barbara Bartocci <\/strong>(Postdoctoral Research Fellow on Leverhulme project &#8216;Theories of Paradox in Fourteenth-Century Logic: Edition and Translation of Key Texts&#8217;, 2017-20), Postdoctoral Researcher at the University of Geneva, Switzerland on the project &#8216;<span lang=\"FR\">Filling the Gap: Medieval Aristotelian Logic 1240-1360&#8242; (Gothenburg-Lille-Geneva) funded by the Swedish Research Council.<\/span><\/p>\n<p><strong>Colin Caret <\/strong>(AHRC Postdoctoral Research Fellow, Foundations of Logical Consequence project 2009-2012), appointed to Assistant Professor in Underwood International College, Yonsei University, Seoul, South Korea<\/p>\n<p><strong>Torfinn Huvenes<\/strong> (AHRC Postdoctoral Research Fellow, Intuitions and Philosophcial Methodology, 2011-12), appointed to Temporary Associate Professor, Department of Philosophy, Classics, History of Art and Ideas at the University of Oslo.<\/p>\n<p><strong>Toby Meadows<\/strong> (AHRC Postdoctoral Research Fellow, 2011 &#8211; 2012), Marie Curie Fellowship at the University of Bristol. Working with Professor Philip Welch in the School of Mathematics. Project title: Set Theory of Semantic Theories of Truth.\u00a0From 2013, Marie Curie Fellow and NIP Research Fellow at the Northern Institute of Philosophy, University of Aberdeen.<\/p>\n<p><strong>Ole Hjortland <\/strong>(Postdoctoral Research Fellow in the AHRC Foundations of Logical Consequence project 2008-2011), Postdoctoral Research Fellow in the <a href=\"http:\/\/www.philosophie.uni-muenchen.de\/lehreinheiten\/logik_sprachphil\/mcmp\/index.html\" rel=\"nofollow\">Munich Center for Mathematical Philosophy<\/a>,\u00a0Ludwig-Maximilians-Universit\u00e4t (LMU), 6-year position as Assistant Professor at the Munich Center for Mathematical Philosophy, LMU Munich<\/p>\n<p><strong>Yuri Cath <\/strong>(AHRC Postdoctoral Research Fellow, 2008 &#8211; 2012), appointed to a lectureship at University of East Anglia from September 2012.<\/p>\n<p><strong>Dilip Ninan <\/strong>(AHRC Postdoctoral Research Fellow, Contextualism and Relativism, 2008-2012), appointed to Assistant Professor of Philosophy at Tufts University from January 2012.<\/p>\n<p><strong>Jonathan Ichikawa <\/strong>(AHRC Postdoctoral Research Fellow, Intuitions and Philosophical Methodology, 2008-2011), now Assistant Professor at the University of British Columbia in Vancouver.<\/p>\n<p><strong>Derek Ball <\/strong>(AHRC Postdoctoral Research Fellow, Contextualism and Relativism, 2008-2012), appointed to a lectureship at the University of ºÚÁÏ³Ô¹ÏÍø from 2010.<\/p>\n<p><strong>Dan Lopez de Sa<\/strong> (Spanish Ministry of Education Postdoctoral Research Fellow, Vagueness: its Nature and Logic, 2005-6), Fulbright\/Catalan Government Postdoctoral Research Fellow at NYU (2007), then ICREA Researcher at LOGOS (Barcelona) (2008-2013).<\/p>\n<p><strong>Richard Dietz <\/strong>(AHRC Postdoctoral Research Fellow, Vagueness: its Nature and Logic 2004-6), Postdoctoral Research Fellow at the Institute of Philosophical Studies, National Autonomous University of Mexico (UNAM), then three year postdoctoral Research Fellowship in Formal Epistemology at the University of Leuven.<\/p>\n<p><strong>Sebastiano Moruzzi<\/strong> (AHRC Postdoctoral Research Fellow, Vagueness: its Nature and Logic, 2004-6), Postdoctoral Research Fellow at the University of Bologna.<\/p>\n<p><strong>Aviv Hoffman<\/strong> (AHRC Postdoctoral Research Fellow, The Metaphysics and Epistemology of Modality 2003-5), Postdoctoral Research Fellow at the Open University of Israel.<\/p>\n<p><strong>Anna Sherratt<\/strong> (AHRC Postdoctoral Research Fellow, The Metaphysics and Epistemology of Modality 2003-5), working for the <a href=\"http:\/\/www.hefce.ac.uk\/\" target=\"_blank\" rel=\"noopener noreferrer\">Higher Education Funding Council for England<\/a>.<\/p>\n<h2>Graduate Students<\/h2>\n<p>The information below describes students\u2019 initial placement; for further information, please see the <a href=\"https:\/\/www.st-andrews.ac.uk\/sasp\/introduction\/our-placement-record\/\">Philosophy department postgraduate placement record<\/a><\/p>\n<p><strong>Petronella Randell<\/strong> (2000-2024) Associate Lecturer at ºÚÁÏ³Ô¹ÏÍø<\/p>\n<p><strong>Frederik J. Andersen<\/strong> (2019-2024) Postdoctoral Fellow, University of Copenhagen<\/p>\n<p><strong>Emilia Wilson<\/strong> (2019-2024) Lecturer at Cardiff<\/p>\n<p><strong>Matteo Nizzardo<\/strong> (2019-2024) Associate Lecturer at Edinburgh<\/p>\n<p><strong>JP Engler<\/strong> (2019-2024) Postdoctoral Fellow at the\u00a0Universit\u00e1 Vita-Salute San Raffaele (Milan)<\/p>\n<p><strong>Christopher Masterman<\/strong> (2019-2023) Research Fellow at ºÚÁÏ³Ô¹ÏÍø<\/p>\n<p><strong>Tom Kaspers<\/strong> (2019-2023) Collegiate Assistant Professor, Society of Fellows, University of Chicago<\/p>\n<p><strong>Lixiao Lin<\/strong> (2018-2023) Post-doctoral fellow at Tsinghua University, Department of Philosophy<\/p>\n<p><strong>Thomas Mitchell<\/strong> (2018-2023) Research Fellow at Uehiro Institute Oxford<\/p>\n<p><strong>Savvas Ioannou<\/strong> (2017-2022) Special Teaching Staff, University of Cyprus<\/p>\n<p><strong>Alessandro Rossi<\/strong> (2016-2021) Associate Lecturer ºÚÁÏ³Ô¹ÏÍø (from Jan 2025 onwards)<\/p>\n<p><strong>Victor Tamburini <\/strong>(2020 &#8211; 2024) Postdoctoral Researcher on the project\u00a0<em>Mental Files: New Foundations\u2019\u00a0<\/em>at Institut Jean Nicod \/ Coll\u00e8ge de France<\/p>\n<p><strong>Wes Skolits<\/strong> (2014 &#8211; 2021) Templeton Fellowship for the 2021-2022 academic year investigating the <em>Epistemological Consequences of the Scientific Study of Religion at <\/em>University of Tennessee<\/p>\n<p><strong>Deb Marber<\/strong> (2017-2021) Lecturer at the University of Bristol.<\/p>\n<p><strong>Alessandro Rossi\u00a0<\/strong>(2016-2021) Assistant Professor in Philosophy at New College of the Humanities.<\/p>\n<p><strong>Lisa Bastian<\/strong> (2016-2020) Assistant Professor, VU Amsterdam<\/p>\n<p><strong>Miguel Egler<\/strong> (2016-2020) Assistant Professor, Tilburg University<\/p>\n<p><strong>Clare Field<\/strong> (2015 &#8211; 2019) Research Fellow on the European Research Council project \u2018Roots of Responsibility at UCL.<\/p>\n<p><strong>Poppy Mankowitz<\/strong> (2015-2019) Ernst Mach Fellow, University of Salzburg<\/p>\n<p><strong>Ravi Thakral<\/strong> (2014-2019) Lecturer (fixed-term) at the University of ºÚÁÏ³Ô¹ÏÍø<\/p>\n<p><strong>Lewis Ross <\/strong>(2015- 2019) Fellow in Philosophy &amp; Public Policy at the London School of Economics.<\/p>\n<p><strong>Ryo Ito<\/strong> (2014-2018) Postdoctoral fellow, Keio University, Japan<\/p>\n<p><strong>Sara Vikesdal<\/strong>\u00a0(2014-2018) Postdoctoral fellow at the University of Oslo<\/p>\n<p><strong>Alper Yavuz<\/strong> (2014-2018) Research Associate (permanent position) at Mimar Sinan Fine Arts University (Istanbul)<\/p>\n<p><b>Caroline Touborg<\/b> (2013-2018) Postdoctoral fellow at Lund University on the Responsibility Project<\/p>\n<p><strong>Josh Habgood-Coote<\/strong>\u00a0(2013-2017) Postdoctoral fellow at the University of Bristol<\/p>\n<p><strong>Mona Simion<\/strong> Postdoctoral fellow at the Centre for the Study of Mind in Nature\/ConceptLab, the University of Oslo<\/p>\n<p><strong>Bruno Jacinto <\/strong>Assistant Lecturer at the University of ºÚÁÏ³Ô¹ÏÍø.<\/p>\n<p><strong>Ryan Nefdt<\/strong> (2013 -2016) Lecturer in Philosophy at the University of Cape Town<\/p>\n<p><strong>Fenner Tanswell<\/strong> (Phd student 2013-2016), Researcher, Department of Computer Science, University of Oxford.<\/p>\n<p><strong>Andrew Peet <\/strong>(Phd student 2011-2015), Postdoctoral Research Fellowship, University of Oslo (CSMN and ConceptLab).<\/p>\n<p><strong>Mark Bowker <\/strong>(Phd student 2011-2016), Postdoctoral Research Fellowship, Munich Centre for Mathematical Philosophy.<\/p>\n<p><strong>Martin Lipman <\/strong>(PhD student 2011- 2015), Postdoctoral Research Fellowship, University of Hamburg.<\/p>\n<p><strong>Joshua Thorpe<\/strong> (PhD student 2011-13), Visiting Lecturer, University of Stirling.<\/p>\n<p><strong>Nick Hughes<\/strong>\u00a0(Phd student 2010-2014), \u00a0Postdoctoral researcher at University College Dublin<\/p>\n<p><strong>Laura Cecilia Porro<\/strong> (PhD student 2009 &#8211; 2013) Porro Researcher at Cordis Bright Consultancy.<\/p>\n<p><strong>Spencer Johnson<\/strong> (PhD stduent 2010-2014), teaching in the Philosophy of Language at the University of York.<\/p>\n<p><strong>Margot Strohminger<\/strong> (PhD student 2009-2013), Postdoctoral Research Fellowship in Philosophy of Mind, Centre for Philosophical Psychology, University of Antwerp.<\/p>\n<p><strong>Frederique Janssen-Lauret<\/strong> (PhD student 2009-2013), Postdoctoral Research Fellowship at the University of Campinas, Brazil.<br \/>\n<strong><br \/>\nAndrea Onofri <\/strong>(PhD student 2008-2012), Postdoctoral Research Fellow at the Instituto de Investigaciones Filos\u00f3ficas, Universidad Nacional Aut\u00f3noma de M\u00e9xico (UNAM), Mexico City.<\/p>\n<p><strong>Thomas Hodgson <\/strong>(PhD student 2008-2012), Postdoctoral Research Fellow at the Instituto de Investigaciones Filos\u00f3ficas, Universidad Nacional Aut\u00f3noma de M\u00e9xico, Mexico City.<\/p>\n<p><strong>Julia Langkau <\/strong>(PhD student 2008-12), Postdoctoral Fellow, Zurich University. two year Marie Curie Postdoctoral Fellowship at the Universit\u00e4t Konstanz.<\/p>\n<p><strong>Dirk Kindermann <\/strong>(PhD student 2008-2012), DAAD Postdoctoral Fellow, Rutgers University (2012-2013), four year Assistant Professorship at Karl-Franzens-Universit\u00e4t Graz, Austria, starting in autumn 2013.<\/p>\n<p><strong>Rachel Sterken <\/strong>(PhD student 2007-2013), Teaching and Research Fellow, University of Oslo<\/p>\n<p><strong>Paul Dimmock<\/strong> (PhD student 2007-12), two year Postdoctoral Fellowship at Peking University, starting October 1st 2014.<\/p>\n<p><strong>Walter Pedriali<\/strong> (PhD student 2006-2011), Leverhulme Early Career Research Fellowship, University of Stirling.<\/p>\n<p><strong>Torfinn Huvenes <\/strong>(PhD student Oslo\/ºÚÁÏ³Ô¹ÏÍø, 2007-2011), AHRC Postdoctoral Research Fellow, Intuitions and Philosophical Methodology, 2011-2012, Arch\u00e9, University of ºÚÁÏ³Ô¹ÏÍø.<\/p>\n<p><strong>Anders Schoubye<\/strong> (PhD student 2007-2011), Lectureship at the University of Edinburgh, commencing 1st September 2012.<\/p>\n<p><strong>Michael De<\/strong> (PhD student 2007-2011), Postdoctoral Research Fellowship at University of Utrecht.<\/p>\n<p><strong>Daniele Sgaravatti<\/strong> (PhD student 2006-2010), Postdoctoral Research Fellowship at The Emmy Noether Research Group &#8220;Understanding and the A Priori&#8221;, Philosophy Department, University of Cologne, Germany.<\/p>\n<p><strong>Andreas Stokke<\/strong> Postdoctoral Researcher at CSMN, University of Oslo.<\/p>\n<p><strong>Paula Sweeney<\/strong> (PhD student 2006-10), Research and Operations Officer at Northern Institute of Philosophy, Aberdeen.<\/p>\n<p><strong>Ole Hjortland<\/strong> (PhD student 2006-9), postdoctoral research fellow in the AHRC Foundations of Logical Consequence project 2008-2011, Postdoctoral Research Fellow in the <a href=\"http:\/\/www.philosophie.uni-muenchen.de\/lehreinheiten\/logik_sprachphil\/mcmp\/index.html\" rel=\"nofollow\">Munich Center for Mathematical Philosophy<\/a>.<\/p>\n<p><strong>Ira Kiourti<\/strong> (PhD student 2005-10), visiting fellow (2011-2012) at the Institute of Philosophy, University of London.<\/p>\n<p><strong>Douglas Edwards<\/strong> (PhD student 2005-8), postdoctoral research fellow at University College Dublin.<\/p>\n<p><strong>Chiara Tabet<\/strong> (PhD student 2004-8), Postdoctoral Research Fellowship at the <a href=\"http:\/\/www.csmn.uio.no\/\" target=\"_blank\" rel=\"noopener noreferrer\">CSMN, Centre for the Study of Mind in Nature<\/a>, University of Oslo.<\/p>\n<p><strong>Eline Busck Gunderson <\/strong>(PhD student, Vagueness: its Nature and Logic 2003-6), Norwegian Council funded Postdoctoral Research Fellowship at the CSMN, Centre for the Study of Mind in Nature, University of Oslo.<\/p>\n<p><strong>Sonia Roca<\/strong> (Visiting PhD student for one semester in each year of The Metaphysics and Epistemology of Modality project, 2002-5), RCUK Fellowship at Stirling commencing September 2007.<\/p>\n<p><strong>Elia Zardini<\/strong> (PhD student, Vagueness: its Nature and Logic 2003-6), postdoctoral research fellow in the AHRC Basic Knowledge project 2007-12.<\/p>\n<p><strong>Marcus Rossberg<\/strong> (PhD Student, Logical and Metaphysical Foundations of Classical Mathematics 2001-6), Leverhulme Postdoctoral Research Fellow in the Grundgesetze translation project, 2006-8, then University of Connecticut (tenure track).<\/p>\n<p><strong>Philip Ebert<\/strong> (PhD Student, Logical and Metaphysical Foundations of Classical Mathematics 2000-5), Leverhulme Postdoctoral Research Fellow in the Grundgesetze translation project, 2006-8, and permanent Lecturer at the University of Stirling, September 2007.<\/p>\n<p><strong>Nikolaj Pedersen<\/strong> Research Fellow, Department of Philosophy, University of Copenhagen and UCLA.<\/p>\n<p><strong>Robbie Williams<\/strong> (PhD Student, Logical and Metaphysical Foundations of Classical Mathematics 2002-5), permanent Lecturer at the University of Leeds.<\/p>\n<p><strong>Ross Cameron<\/strong> (PhD Student, The Metaphysics and Epistemology of Modality 2002-5), Research Fellow in Metaphysics, then permanent Lecturer at the University of Leeds.<\/p>\n<p><strong>Elizabeth Barnes <\/strong>(PhD student, Vagueness: Its Nature and Logic 2003-6), permanent lecturer at the University of Leeds.<\/p>\n<p>Past Arch\u00e9 members (prior to 2005) in the profession include <strong>Roy Cook<\/strong>, <strong>Josh Parsons<\/strong>, <strong>Agustin Rayo.<\/strong><\/p>\n","protected":false},"excerpt":{"rendered":"<p>Arch\u00e9 has been extremely successful in placing its PhD graduates and postdoctoral research fellows in permanent teaching or continuing research posts, or in academic administration&#8230;.<\/p>\n","protected":false},"author":1,"featured_media":0,"parent":0,"menu_order":0,"comment_status":"closed","ping_status":"closed","template":"page-templates\/fullwidth.php","meta":{"footnotes":"","_links_to":"","_links_to_target":""},"class_list":["post-1909","page","type-page","status-publish","hentry"],"_links":{"self":[{"href":"https:\/\/www.st-andrews.ac.uk\/arche\/wp-json\/wp\/v2\/pages\/1909","targetHints":{"allow":["GET"]}}],"collection":[{"href":"https:\/\/www.st-andrews.ac.uk\/arche\/wp-json\/wp\/v2\/pages"}],"about":[{"href":"https:\/\/www.st-andrews.ac.uk\/arche\/wp-json\/wp\/v2\/types\/page"}],"author":[{"embeddable":true,"href":"https:\/\/www.st-andrews.ac.uk\/arche\/wp-json\/wp\/v2\/users\/1"}],"replies":[{"embeddable":true,"href":"https:\/\/www.st-andrews.ac.uk\/arche\/wp-json\/wp\/v2\/comments?post=1909"}],"version-history":[{"count":25,"href":"https:\/\/www.st-andrews.ac.uk\/arche\/wp-json\/wp\/v2\/pages\/1909\/revisions"}],"predecessor-version":[{"id":11916,"href":"https:\/\/www.st-andrews.ac.uk\/arche\/wp-json\/wp\/v2\/pages\/1909\/revisions\/11916"}],"wp:attachment":[{"href":"https:\/\/www.st-andrews.ac.uk\/arche\/wp-json\/wp\/v2\/media?parent=1909"}],"curies":[{"name":"wp","href":"https:\/\/api.w.org\/{rel}","templated":true}]}}