  {"id":2734,"date":"2017-09-14T10:49:13","date_gmt":"2017-09-14T09:49:13","guid":{"rendered":"https:\/\/www.st-andrews.ac.uk\/arche\/?page_id=2734"},"modified":"2022-09-22T13:03:54","modified_gmt":"2022-09-22T12:03:54","slug":"what-it-means-to-be-an-arche-student","status":"publish","type":"page","link":"https:\/\/www.st-andrews.ac.uk\/arche\/studying\/what-it-means-to-be-an-arche-student\/","title":{"rendered":"What it Means to be an Arch\u00e9 Student"},"content":{"rendered":"<p>If your first supervisor is a member of Arch\u00e9 and you want to become a member, too, all you need to do is send an e-mail to the Director of Arch\u00e9 <a href=\"mailto:archedirector@st-andrews.ac.uk\">archedirector@st-andrews.ac.uk<\/a> asking to be admitted, and you&#8217;ll become a member by default.<\/p>\n<p>If your first supervisor is not a member of Arch\u00e9 and you want to become a member, you&#8217;ll still send an email to the Director and we&#8217;ll take it from there. Normally, the Arch\u00e9 Management Committee will decide on your request on the basis of whether your main research topic is within Arch\u00e9\u2019s remit, or you want to work with other Arch\u00e9 members on a regular basis, or so.<\/p>\n<p>Arch\u00e9 membership brings many benefits. Arch\u00e9 provides office space for its graduate students, who interact on a daily basis with other Arch\u00e9 <a href=\"https:\/\/www.st-andrews.ac.uk\/arche\/?page_id=1834\">researchers<\/a>, and are encouraged to approach any Arch\u00e9 member at any time for feedback on their work. In return, Arch\u00e9 graduate students are expected to participate fully in Arch\u00e9\u2019s activities, by attending seminars from the active Arch\u00e9 streams, assisting with minute-taking, helping to organise events, and attending meetings of the Arch\u00e9 Council. Arch\u00e9 students are expected to <em>regularly<\/em> attend seminars from <em>two<\/em> streams.<\/p>\n<p>Graduate students are welcome to work within any of Arch\u00e9\u2019s <a href=\"https:\/\/www.st-andrews.ac.uk\/arche\/?page_id=1900\">current research projects<\/a>, or on any other topic within Arch\u00e9\u2019s broader remit (Logic, Language, Metaphysics and Epistemology). Becoming an Arch\u00e9 graduate in no way restricts a student\u2019s intellectual freedom: Arch\u00e9 students may begin working on topics within Arch\u00e9\u2019s remit, then find later that their work leads them into another area. Such students remain members of Arch\u00e9, but have the benefit of interaction with other members of the Philosophy Departments whose interests converge with their own. Arch\u00e9 PhD Students remain full members of the Philosophy Departments: they have normal access to its facilities and involvement in its activities.<\/p>\n<p>Arch\u00e9 has been extremely successful in placing its graduating students. For more information, please visit our <a href=\"https:\/\/www.st-andrews.ac.uk\/arche\/?page_id=1909\">placement page<\/a>.<\/p>\n<p>Details about funding sources is <a href=\"http:\/\/www.st-andrews.ac.uk\/sasp\/funding.html\">available here<\/a>.<\/p>\n","protected":false},"excerpt":{"rendered":"<p>If your first supervisor is a member of Arch\u00e9 and you want to become a member, too, all you need to do is send an&#8230;<\/p>\n","protected":false},"author":1,"featured_media":0,"parent":1906,"menu_order":0,"comment_status":"closed","ping_status":"closed","template":"page-templates\/fullwidth.php","meta":{"footnotes":"","_links_to":"","_links_to_target":""},"class_list":["post-2734","page","type-page","status-publish","hentry"],"_links":{"self":[{"href":"https:\/\/www.st-andrews.ac.uk\/arche\/wp-json\/wp\/v2\/pages\/2734","targetHints":{"allow":["GET"]}}],"collection":[{"href":"https:\/\/www.st-andrews.ac.uk\/arche\/wp-json\/wp\/v2\/pages"}],"about":[{"href":"https:\/\/www.st-andrews.ac.uk\/arche\/wp-json\/wp\/v2\/types\/page"}],"author":[{"embeddable":true,"href":"https:\/\/www.st-andrews.ac.uk\/arche\/wp-json\/wp\/v2\/users\/1"}],"replies":[{"embeddable":true,"href":"https:\/\/www.st-andrews.ac.uk\/arche\/wp-json\/wp\/v2\/comments?post=2734"}],"version-history":[{"count":5,"href":"https:\/\/www.st-andrews.ac.uk\/arche\/wp-json\/wp\/v2\/pages\/2734\/revisions"}],"predecessor-version":[{"id":10734,"href":"https:\/\/www.st-andrews.ac.uk\/arche\/wp-json\/wp\/v2\/pages\/2734\/revisions\/10734"}],"up":[{"embeddable":true,"href":"https:\/\/www.st-andrews.ac.uk\/arche\/wp-json\/wp\/v2\/pages\/1906"}],"wp:attachment":[{"href":"https:\/\/www.st-andrews.ac.uk\/arche\/wp-json\/wp\/v2\/media?parent=2734"}],"curies":[{"name":"wp","href":"https:\/\/api.w.org\/{rel}","templated":true}]}}