  {"id":2890,"date":"2017-09-16T16:54:41","date_gmt":"2017-09-16T15:54:41","guid":{"rendered":"https:\/\/www.st-andrews.ac.uk\/arche\/?page_id=2890"},"modified":"2017-09-16T17:19:22","modified_gmt":"2017-09-16T16:19:22","slug":"previous-visitors-to-arche","status":"publish","type":"page","link":"https:\/\/www.st-andrews.ac.uk\/arche\/visiting\/arche-visitors\/previous-visitors-to-arche\/","title":{"rendered":"Previous visitors to Arch\u00e9"},"content":{"rendered":"<p><a href=\"https:\/\/www.st-andrews.ac.uk\/arche\/visiting\/arche-visitors\/\">See the list of future\u00a0visitors<\/a>\u00a0or <a href=\"https:\/\/www.st-andrews.ac.uk\/arche\/visiting\/arche-visitors\/arche-visitors-this-week\/\">this week&#8217;s Arch\u00e9 visitors<\/a><\/p>\n\t<table class=\"arche_event_list\">\n\t\t\t<tr>\n\t\t\t<td><strong>Masanobu Toyooka<\/strong> (Tohoku University)<\/td>\n\t\t\t<td>5 Nov 2025 to 20 Nov 2025<\/td>\n\t\t\t<td>Visiting Scholar\t\t\t<\/td>\n\t\t<\/tr>\n\t\t\t\t<tr>\n\t\t\t<td><strong>Pree Jareonsettasin<\/strong> (Cambridge)<\/td>\n\t\t\t<td>23 Oct 2025 to 23 Oct 2020<\/td>\n\t\t\t<td>Visiting speaker\t\t\t<\/td>\n\t\t<\/tr>\n\t\t\t\t<tr>\n\t\t\t<td><strong>Paola Fontana<\/strong> (University of Genoa)<\/td>\n\t\t\t<td>20 Oct 2025 to 20 Dec 2025<\/td>\n\t\t\t<td>Visiting Scholar\t\t\t<\/td>\n\t\t<\/tr>\n\t\t\t\t<tr>\n\t\t\t<td><strong>Jonathan Schaffer<\/strong> (Rutgers)<\/td>\n\t\t\t<td>20 Oct 2025 to 23 Oct 2022<\/td>\n\t\t\t<td>Visiting speaker\t\t\t<\/td>\n\t\t<\/tr>\n\t\t\t\t<tr>\n\t\t\t<td><strong>Han Edgoose<\/strong> (Glasgow University)<\/td>\n\t\t\t<td>7 Oct 2025<\/td>\n\t\t\t<td>Visiting speaker\t\t\t<\/td>\n\t\t<\/tr>\n\t\t\t\t<tr>\n\t\t\t<td><strong>Prof Zoe Johnson King<\/strong> (Harvard)<\/td>\n\t\t\t<td>26 Jun 2025<\/td>\n\t\t\t<td>Visiting speaker\t\t\t<\/td>\n\t\t<\/tr>\n\t\t\t\t<tr>\n\t\t\t<td><strong>Dr Bahram Assadian<\/strong> (University of Leeds)<\/td>\n\t\t\t<td>19 May 2025 to 7 Jul 2025<\/td>\n\t\t\t<td>Visiting Scholar\t\t\t<\/td>\n\t\t<\/tr>\n\t\t\t\t<tr>\n\t\t\t<td><strong>Sandy Goldberg<\/strong> (Northwestern)<\/td>\n\t\t\t<td>1 May 2025 to 31 May 2025<\/td>\n\t\t\t<td>Professorial fellow visit\t\t\t<\/td>\n\t\t<\/tr>\n\t\t\t\t<tr>\n\t\t\t<td><strong>Gillian Russell<\/strong> (Univeristy of North Carolina at Chapel Hill)<\/td>\n\t\t\t<td>25 Apr 2025 to 6 Jun 2025<\/td>\n\t\t\t<td>Professorial fellow visit\t\t\t<\/td>\n\t\t<\/tr>\n\t\t\t\t<tr>\n\t\t\t<td><strong>Dr Bahram Assadian<\/strong> (University of Leeds)<\/td>\n\t\t\t<td>14 Apr 2025 to 7 Jul 2025<\/td>\n\t\t\t<td>Visiting Scholar\t\t\t<\/td>\n\t\t<\/tr>\n\t\t\t\t<tr>\n\t\t\t<td><strong>Til Eyinck<\/strong> (University of Cologne)<\/td>\n\t\t\t<td>7 Apr 2025 to 30 Jun 2025<\/td>\n\t\t\t<td>Visiting Scholar\t\t\t<\/td>\n\t\t<\/tr>\n\t\t\t\t<tr>\n\t\t\t<td><strong>Filippo Riscica Lizzio<\/strong> (University of Bologna)<\/td>\n\t\t\t<td>31 Mar 2025 to 7 Jul 2025<\/td>\n\t\t\t<td>Visiting Scholar\t\t\t<\/td>\n\t\t<\/tr>\n\t\t\t\t<tr>\n\t\t\t<td><strong>Enda Russell<\/strong> (Trinity College Dublin)<\/td>\n\t\t\t<td>27 Mar 2025 to 7 Jul 2025<\/td>\n\t\t\t<td>Visiting Scholar\t\t\t<\/td>\n\t\t<\/tr>\n\t\t\t\t<tr>\n\t\t\t<td><strong>Dr Graziana Ciola<\/strong> (Radboud University, Nijmegen)<\/td>\n\t\t\t<td>3 Dec 2024 to 7 Dec 2024<\/td>\n\t\t\t<td>Visiting speaker\t\t\t<\/td>\n\t\t<\/tr>\n\t\t\t\t<tr>\n\t\t\t<td><strong>Prof. Graham Priest<\/strong> (University of Melbourne)<\/td>\n\t\t\t<td>25 Nov 2024<\/td>\n\t\t\t<td>Visiting speaker\t\t\t<\/td>\n\t\t<\/tr>\n\t\t\t\t<tr>\n\t\t\t<td><strong>Dr Emilia Wilson<\/strong> (Cardiff University)<\/td>\n\t\t\t<td>5 Nov 2024<\/td>\n\t\t\t<td>Visiting speaker\t\t\t<\/td>\n\t\t<\/tr>\n\t\t\t\t<tr>\n\t\t\t<td><strong>Claudio Calosi<\/strong> (Ca\u2019 Foscari University of Venice)<\/td>\n\t\t\t<td>7 Oct 2024<\/td>\n\t\t\t<td>Visiting speaker\t\t\t<\/td>\n\t\t<\/tr>\n\t\t\t\t<tr>\n\t\t\t<td><strong>Deir da Silva Machado Junior<\/strong> (Universidade Federal de Ouro Preto)<\/td>\n\t\t\t<td>9 Sep 2024 to 16 Dec 2024<\/td>\n\t\t\t<td>Visiting student\t\t\t<\/td>\n\t\t<\/tr>\n\t\t\t\t<tr>\n\t\t\t<td><strong>Marta Sznajder<\/strong> (Institute Vienna Circle, University of Vienna)<\/td>\n\t\t\t<td>16 Jun 2024 to 21 Jun 2024<\/td>\n\t\t\t<td>Visiting speaker\t\t\t<\/td>\n\t\t<\/tr>\n\t\t\t\t<tr>\n\t\t\t<td><strong>Shawn Simpson<\/strong> (Pittsburgh)<\/td>\n\t\t\t<td>27 May 2024 to 20 Jun 2024<\/td>\n\t\t\t<td>Visiting Scholar\t\t\t<\/td>\n\t\t<\/tr>\n\t\t\t\t<tr>\n\t\t\t<td><strong>Catarina Dutilh Novaes<\/strong> (VU Amsterdam)<\/td>\n\t\t\t<td>20 May 2024 to 24 May 2024<\/td>\n\t\t\t<td>Professorial fellow visit\t\t\t<\/td>\n\t\t<\/tr>\n\t\t\t\t<tr>\n\t\t\t<td><strong>Sandy Goldberg<\/strong> (Northwestern)<\/td>\n\t\t\t<td>1 May 2024 to 31 May 2024<\/td>\n\t\t\t<td>Professorial fellow visit\t\t\t<\/td>\n\t\t<\/tr>\n\t\t\t\t<tr>\n\t\t\t<td><strong>Roy Sorensen<\/strong> (Texas at Austin)<\/td>\n\t\t\t<td>28 Apr 2024 to 31 May 2024<\/td>\n\t\t\t<td>Professorial fellow visit\t\t\t<\/td>\n\t\t<\/tr>\n\t\t\t\t<tr>\n\t\t\t<td><strong>Ayb\u00fcke \u00d6zg\u00fcn<\/strong> (ILLC Amsterdam)<\/td>\n\t\t\t<td>15 Apr 2024 to 26 Apr 2024<\/td>\n\t\t\t<td>Visiting Scholar\t\t\t<\/td>\n\t\t<\/tr>\n\t\t\t\t<tr>\n\t\t\t<td><strong>Robin Martinot<\/strong> (Utrect)<\/td>\n\t\t\t<td>11 Apr 2024 to 17 May 2024<\/td>\n\t\t\t<td>Visiting student\t\t\t<\/td>\n\t\t<\/tr>\n\t\t\t\t<tr>\n\t\t\t<td><strong>Catarina Dutilh Novaes<\/strong> (VU Amsterdam)<\/td>\n\t\t\t<td>8 Apr 2024 to 12 Apr 2024<\/td>\n\t\t\t<td>Professorial fellow visit\t\t\t<\/td>\n\t\t<\/tr>\n\t\t\t\t<tr>\n\t\t\t<td><strong>Aime Thomasson<\/strong> (Dartmouth)<\/td>\n\t\t\t<td>28 Nov 2023 to 1 Dec 2023<\/td>\n\t\t\t<td>Visitor\t\t\t<\/td>\n\t\t<\/tr>\n\t\t\t\t<tr>\n\t\t\t<td><strong>Sara Uckleman<\/strong> (Durham)<\/td>\n\t\t\t<td>16 Nov 2023<\/td>\n\t\t\t<td>Visiting speaker\t\t\t<\/td>\n\t\t<\/tr>\n\t\t\t\t<tr>\n\t\t\t<td><strong>Sandy Goldberg<\/strong> (Northwestern)<\/td>\n\t\t\t<td>12 Sep 2023 to 14 Sep 2023<\/td>\n\t\t\t<td>Professorial fellow visit\t\t\t<\/td>\n\t\t<\/tr>\n\t\t\t\t<tr>\n\t\t\t<td><strong>Sabrina Conforti<\/strong> (Macerata)<\/td>\n\t\t\t<td>4 Sep 2023 to 27 Oct 2023<\/td>\n\t\t\t<td>Visiting Scholar\t\t\t<\/td>\n\t\t<\/tr>\n\t\t\t\t<tr>\n\t\t\t<td><strong>Matthew McGrath<\/strong> (Washington University St Louis)<\/td>\n\t\t\t<td>22 Jun 2023<\/td>\n\t\t\t<td>Visiting speaker\t\t\t<\/td>\n\t\t<\/tr>\n\t\t\t\t<tr>\n\t\t\t<td><strong>Lassi Saario<\/strong> (Helsinki)<\/td>\n\t\t\t<td>1 May 2023 to 7 Jul 2023<\/td>\n\t\t\t<td>Visiting Scholar\t\t\t<\/td>\n\t\t<\/tr>\n\t\t\t\t<tr>\n\t\t\t<td><strong>Roy Sorensen<\/strong> (Texas at Austin)<\/td>\n\t\t\t<td>26 Apr 2023 to 11 Jun 2023<\/td>\n\t\t\t<td>Professorial fellow visit\t\t\t<\/td>\n\t\t<\/tr>\n\t\t\t\t<tr>\n\t\t\t<td><strong>Gillian Russell<\/strong> (Dianoia Institute of Philosophy)<\/td>\n\t\t\t<td>24 Apr 2023 to 5 Jun 2023<\/td>\n\t\t\t<td>Professorial fellow visit\t\t\t<\/td>\n\t\t<\/tr>\n\t\t\t\t<tr>\n\t\t\t<td><strong>Sophia Arbeiter<\/strong> (Pittsburgh)<\/td>\n\t\t\t<td>15 Apr 2023 to 30 Jun 2023<\/td>\n\t\t\t<td>Visiting student\t\t\t<\/td>\n\t\t<\/tr>\n\t\t\t\t<tr>\n\t\t\t<td><strong>Madeleine Levac<\/strong> (California)<\/td>\n\t\t\t<td>1 Apr 2023 to 30 Jun 2023<\/td>\n\t\t\t<td>Visiting student\t\t\t<\/td>\n\t\t<\/tr>\n\t\t\t\t<tr>\n\t\t\t<td><strong>Graham Priest (CUNY Graduate Center)<\/strong><\/td>\n\t\t\t<td>29 Mar 2023 to 1 Apr 2023<\/td>\n\t\t\t<td>Visiting speaker\t\t\t<\/td>\n\t\t<\/tr>\n\t\t\t\t<tr>\n\t\t\t<td><strong>Sandy Goldberg<\/strong> (Northwestern)<\/td>\n\t\t\t<td>8 Mar 2023 to 27 Mar 2023<\/td>\n\t\t\t<td>Professorial fellow visit\t\t\t<\/td>\n\t\t<\/tr>\n\t\t\t\t<tr>\n\t\t\t<td><strong>Constantin Luft<\/strong> (M\u00fcnster)<\/td>\n\t\t\t<td>17 Sep 2022 to 1 Nov 2022<\/td>\n\t\t\t<td>Visiting student\t\t\t<\/td>\n\t\t<\/tr>\n\t\t\t\t<tr>\n\t\t\t<td><strong>Leon Commandeur<\/strong> (Bergen)<\/td>\n\t\t\t<td>1 Sep 2022 to 14 Dec 2022<\/td>\n\t\t\t<td>Visiting student\t\t\t<\/td>\n\t\t<\/tr>\n\t\t\t\t<tr>\n\t\t\t<td><strong>Rachel Sterken<\/strong> (Hong Kong)<\/td>\n\t\t\t<td>24 Jun 2022 to 1 Jul 2022<\/td>\n\t\t\t<td>Visitor\t\t\t<\/td>\n\t\t<\/tr>\n\t\t\t\t<tr>\n\t\t\t<td><strong>Herman Cappelen<\/strong> (Hong Kong)<\/td>\n\t\t\t<td>24 Jun 2022 to 1 Jul 2022<\/td>\n\t\t\t<td>Visitor\t\t\t<\/td>\n\t\t<\/tr>\n\t\t\t\t<tr>\n\t\t\t<td><strong>Brian Hedden (ANU)<\/strong><\/td>\n\t\t\t<td>9 Jun 2022<\/td>\n\t\t\t<td>Visiting speaker\t\t\t<\/td>\n\t\t<\/tr>\n\t\t\t\t<tr>\n\t\t\t<td><strong>Quill R Kukla<\/strong> (Georgetown)<\/td>\n\t\t\t<td>8 Jun 2022<\/td>\n\t\t\t<td>Visiting speaker\t\t\t<\/td>\n\t\t<\/tr>\n\t\t\t\t<tr>\n\t\t\t<td><strong>Sanford Goldberg<\/strong> (Northwestern University)<\/td>\n\t\t\t<td>1 Jun 2022 to 30 Jun 2022<\/td>\n\t\t\t<td>Professorial fellow visit\t\t\t<\/td>\n\t\t<\/tr>\n\t\t\t\t<tr>\n\t\t\t<td><strong>Carrie Fogdor<\/strong> (Iowa)<\/td>\n\t\t\t<td>24 May 2022<\/td>\n\t\t\t<td>Visiting speaker\t\t\t<\/td>\n\t\t<\/tr>\n\t\t\t\t<tr>\n\t\t\t<td><strong>Roy Sorensen<\/strong> (Texas at Austin)<\/td>\n\t\t\t<td>1 May 2022 to 15 Jun 2022<\/td>\n\t\t\t<td>Professorial fellow visit\t\t\t<\/td>\n\t\t<\/tr>\n\t\t\t\t<tr>\n\t\t\t<td><strong>Gillian Russell<\/strong> (North Carolina at Chapel Hill)<\/td>\n\t\t\t<td>25 Apr 2022 to 6 Jun 2022<\/td>\n\t\t\t<td>Professorial fellow visit\t\t\t<\/td>\n\t\t<\/tr>\n\t\t\t\t<tr>\n\t\t\t<td><strong>Walter Sinnott-Armstrong<\/strong> (Duke)<\/td>\n\t\t\t<td>25 Apr 2022 to 21 May 2022<\/td>\n\t\t\t<td>Visiting Scholar\t\t\t<\/td>\n\t\t<\/tr>\n\t\t\t\t<tr>\n\t\t\t<td><strong>Viktoria Knoll<\/strong> (Technische Universit\u00e4t Dresden)<\/td>\n\t\t\t<td>4 Apr 2022 to 22 Apr 2022<\/td>\n\t\t\t<td>Visiting Scholar\t\t\t<\/td>\n\t\t<\/tr>\n\t\t\t\t<tr>\n\t\t\t<td><strong>JC Beall<\/strong> (Notre Dame)<\/td>\n\t\t\t<td>26 Mar 2022 to 19 Apr 2022<\/td>\n\t\t\t<td>Visiting Scholar\t\t\t<\/td>\n\t\t<\/tr>\n\t\t\t\t<tr>\n\t\t\t<td><strong>Anna-Sofia Maurin<\/strong> (Gothenburg)<\/td>\n\t\t\t<td>27 Oct 2020<\/td>\n\t\t\t<td>Visiting speaker\t\t\t<\/td>\n\t\t<\/tr>\n\t\t\t\t<tr>\n\t\t\t<td><strong>Catarina Dutilh Novaes (UV Amsterdam)<\/strong> (UV Amsterdam)<\/td>\n\t\t\t<td>15 Jun 2020 to 19 Jun 2020<\/td>\n\t\t\t<td>Postponed, Professorial fellow visit\t\t\t<\/td>\n\t\t<\/tr>\n\t\t\t\t<tr>\n\t\t\t<td><strong>Bob Pasnau<\/strong> (Colorado)<\/td>\n\t\t\t<td>3 Jun 2020 to 6 Jun 2020<\/td>\n\t\t\t<td>Cancelled, Visiting speaker\t\t\t<\/td>\n\t\t<\/tr>\n\t\t\t\t<tr>\n\t\t\t<td><strong>Gillian Russell<\/strong> (Dianoia Research Institute in Philosophy at Australian Catholic University, Melbourne)<\/td>\n\t\t\t<td>24 May 2020 to 1 Jan 1970<\/td>\n\t\t\t<td>Professorial fellow visit\t\t\t<\/td>\n\t\t<\/tr>\n\t\t\t\t<tr>\n\t\t\t<td><strong>Gillian Russell<\/strong> (North Carolina at Chapel Hill)<\/td>\n\t\t\t<td>13 May 2020 to 24 Jun 2020<\/td>\n\t\t\t<td>Postponed, Professorial fellow visit\t\t\t<\/td>\n\t\t<\/tr>\n\t\t\t\t<tr>\n\t\t\t<td><strong>Professor Gillian K. Russell<\/strong> (Australian National University)<\/td>\n\t\t\t<td>25 Apr 2020 to 6 Jun 2020<\/td>\n\t\t\t<td>Professorial fellow visit\t\t\t<\/td>\n\t\t<\/tr>\n\t\t\t\t<tr>\n\t\t\t<td><strong>Catarina Dutilh Novaes (UV Amsterdam)<\/strong> (UV Amsterdam)<\/td>\n\t\t\t<td>20 Apr 2020 to 1 May 2020<\/td>\n\t\t\t<td>Postponed, Professorial fellow visit\t\t\t<\/td>\n\t\t<\/tr>\n\t\t\t\t<tr>\n\t\t\t<td><strong>Ayb\u00fcke \u00d6zg\u00fcn<\/strong> (Amsterdam)<\/td>\n\t\t\t<td>15 Apr 2020 to 30 Apr 2020<\/td>\n\t\t\t<td>Cancelled, Visiting Scholar\t\t\t<\/td>\n\t\t<\/tr>\n\t\t\t\t<tr>\n\t\t\t<td><strong>Levin Hornischer<\/strong> (Amsterdam)<\/td>\n\t\t\t<td>15 Apr 2020 to 30 Apr 2020<\/td>\n\t\t\t<td>Cancelled, Visiting Scholar\t\t\t<\/td>\n\t\t<\/tr>\n\t\t\t\t<tr>\n\t\t\t<td><strong>Colin Caret<\/strong> (Utrect)<\/td>\n\t\t\t<td>13 Apr 2020 to 17 Apr 2020<\/td>\n\t\t\t<td>Cancelled, Visiting speaker\t\t\t<\/td>\n\t\t<\/tr>\n\t\t\t\t<tr>\n\t\t\t<td><strong>Walter Dean<\/strong> (Warwick)<\/td>\n\t\t\t<td>5 Dec 2019 to 12 Dec 2019<\/td>\n\t\t\t<td>Visiting speaker\t\t\t<\/td>\n\t\t<\/tr>\n\t\t\t\t<tr>\n\t\t\t<td><strong>Jonathan Ickikawa Jenkins<\/strong> (British Columbia)<\/td>\n\t\t\t<td>25 Nov 2019 to 8 Dec 2019<\/td>\n\t\t\t<td>Visiting speaker\t\t\t<\/td>\n\t\t<\/tr>\n\t\t\t\t<tr>\n\t\t\t<td><strong>Sanford Goldberg<\/strong> (Northwestern)<\/td>\n\t\t\t<td>7 Nov 2019 to 27 Nov 2019<\/td>\n\t\t\t<td>Professorial fellow visit\t\t\t<\/td>\n\t\t<\/tr>\n\t\t\t\t<tr>\n\t\t\t<td><strong>Wil Cunningham<\/strong> (Toronto)<\/td>\n\t\t\t<td>1 Nov 2019 to 9 Nov 2019<\/td>\n\t\t\t<td>Visiting speaker\t\t\t<\/td>\n\t\t<\/tr>\n\t\t\t\t<tr>\n\t\t\t<td><strong>Catarina Dutilh Novaes (UV Amsterdam)<\/strong> (UV Amsterdam)<\/td>\n\t\t\t<td>14 Oct 2019 to 18 Oct 2019<\/td>\n\t\t\t<td>Professorial fellow visit\t\t\t<\/td>\n\t\t<\/tr>\n\t\t\t\t<tr>\n\t\t\t<td><strong>Gillian Russell<\/strong> (UNC Chapel Hill)<\/td>\n\t\t\t<td>14 Jun 2019 to 5 Jul 2019<\/td>\n\t\t\t<td>Professorial fellow visit\t\t\t<\/td>\n\t\t<\/tr>\n\t\t\t\t<tr>\n\t\t\t<td><strong>David Nicolas<\/strong> (Institut Jean Nicod)<\/td>\n\t\t\t<td>10 Jun 2019<\/td>\n\t\t\t<td>Visiting speaker\t\t\t<\/td>\n\t\t<\/tr>\n\t\t\t\t<tr>\n\t\t\t<td><strong>Margot Strominger<\/strong> (Oxford)<\/td>\n\t\t\t<td>5 Jun 2019<\/td>\n\t\t\t<td>Visiting speaker\t\t\t<\/td>\n\t\t<\/tr>\n\t\t\t\t<tr>\n\t\t\t<td><strong>Jeremy Fantl<\/strong> (Calgary)<\/td>\n\t\t\t<td>3 Jun 2019<\/td>\n\t\t\t<td>Visiting speaker\t\t\t<\/td>\n\t\t<\/tr>\n\t\t\t\t<tr>\n\t\t\t<td><strong>Yuri Cath<\/strong> (La Trobe)<\/td>\n\t\t\t<td>3 Jun 2019 to 28 Jun 2019<\/td>\n\t\t\t<td>Visiting Scholar\t\t\t<\/td>\n\t\t<\/tr>\n\t\t\t\t<tr>\n\t\t\t<td><strong>James Shaw (Pittsburgh)<\/strong><\/td>\n\t\t\t<td>28 May 2019<\/td>\n\t\t\t<td>Visiting speaker\t\t\t<\/td>\n\t\t<\/tr>\n\t\t\t\t<tr>\n\t\t\t<td><strong>Matt McGrath<\/strong> (Missouri)<\/td>\n\t\t\t<td>28 May 2019 to 3 Jul 2019<\/td>\n\t\t\t<td>Professorial fellow visit\t\t\t<\/td>\n\t\t<\/tr>\n\t\t\t\t<tr>\n\t\t\t<td><strong>James Shaw<\/strong> (Pittsburgh)<\/td>\n\t\t\t<td>28 May 2019<\/td>\n\t\t\t<td>Visiting speaker\t\t\t<\/td>\n\t\t<\/tr>\n\t\t\t\t<tr>\n\t\t\t<td><strong>Thomas Hofweber<\/strong> (UNC)<\/td>\n\t\t\t<td>21 May 2019 to 26 May 2019<\/td>\n\t\t\t<td>Visiting speaker\t\t\t<\/td>\n\t\t<\/tr>\n\t\t\t\t<tr>\n\t\t\t<td><strong>Michael Tye<\/strong> (University of Texas at Austin)<\/td>\n\t\t\t<td>20 May 2019 to 21 May 2019<\/td>\n\t\t\t<td>Visiting speaker\t\t\t<\/td>\n\t\t<\/tr>\n\t\t\t\t<tr>\n\t\t\t<td><strong>J.C. Beall<\/strong> (UConn)<\/td>\n\t\t\t<td>20 May 2019 to 21 May 2019<\/td>\n\t\t\t<td>Visiting speaker\t\t\t<\/td>\n\t\t<\/tr>\n\t\t\t\t<tr>\n\t\t\t<td><strong>Regina Rini<\/strong> (York)<\/td>\n\t\t\t<td>17 May 2019<\/td>\n\t\t\t<td>Visiting speaker\t\t\t<\/td>\n\t\t<\/tr>\n\t\t\t\t<tr>\n\t\t\t<td><strong>Gillian Russell<\/strong> (UNC Chapel Hill)<\/td>\n\t\t\t<td>14 May 2019 to 1 Jun 2019<\/td>\n\t\t\t<td>Professorial fellow visit\t\t\t<\/td>\n\t\t<\/tr>\n\t\t\t\t<tr>\n\t\t\t<td><strong>Simon Hewitt<\/strong> (Leeds)<\/td>\n\t\t\t<td>13 May 2019<\/td>\n\t\t\t<td>Visiting speaker\t\t\t<\/td>\n\t\t<\/tr>\n\t\t\t\t<tr>\n\t\t\t<td><strong>Taylor-Grey Miller<\/strong> (Texas at Austin)<\/td>\n\t\t\t<td>10 May 2019 to 28 Jun 2019<\/td>\n\t\t\t<td>Visiting student\t\t\t<\/td>\n\t\t<\/tr>\n\t\t\t\t<tr>\n\t\t\t<td><strong>J.P. Grodniewicz<\/strong> (Barcelona)<\/td>\n\t\t\t<td>1 May 2019 to 30 Jun 2019<\/td>\n\t\t\t<td>Visiting student\t\t\t<\/td>\n\t\t<\/tr>\n\t\t\t\t<tr>\n\t\t\t<td><strong>Sarah Sawyer<\/strong> (Sussex)<\/td>\n\t\t\t<td>30 Apr 2019 to 1 Jan 1970<\/td>\n\t\t\t<td>Visiting speaker\t\t\t<\/td>\n\t\t<\/tr>\n\t\t\t\t<tr>\n\t\t\t<td><strong>Sarah Sawyer (Sussex)<\/strong><\/td>\n\t\t\t<td>30 Apr 2019<\/td>\n\t\t\t<td>Visiting speaker\t\t\t<\/td>\n\t\t<\/tr>\n\t\t\t\t<tr>\n\t\t\t<td><strong>Takaaki Masui<\/strong> (Tokyo)<\/td>\n\t\t\t<td>12 Apr 2019<\/td>\n\t\t\t<td>Visiting speaker\t\t\t<\/td>\n\t\t<\/tr>\n\t\t\t\t<tr>\n\t\t\t<td><strong>Peter Graham<\/strong> (UC Riverside)<\/td>\n\t\t\t<td>10 Apr 2019<\/td>\n\t\t\t<td>Visiting speaker\t\t\t<\/td>\n\t\t<\/tr>\n\t\t\t\t<tr>\n\t\t\t<td><strong>Christophe Geudens<\/strong> (KU Leuven)<\/td>\n\t\t\t<td>1 Apr 2019 to 28 Jun 2019<\/td>\n\t\t\t<td>Visiting student\t\t\t<\/td>\n\t\t<\/tr>\n\t\t\t\t<tr>\n\t\t\t<td><strong>Joan Gimeno<\/strong> (Valencia)<\/td>\n\t\t\t<td>1 Apr 2019 to 28 Jun 2019<\/td>\n\t\t\t<td>Visiting student\t\t\t<\/td>\n\t\t<\/tr>\n\t\t\t\t<tr>\n\t\t\t<td><strong>Maria Lasonen-Arnio<\/strong> (Helsinki)<\/td>\n\t\t\t<td>6 Mar 2019<\/td>\n\t\t\t<td>Visiting speaker\t\t\t<\/td>\n\t\t<\/tr>\n\t\t\t\t<tr>\n\t\t\t<td><strong>Catarina Dutilh Novaes (Groningen)<\/strong><\/td>\n\t\t\t<td>11 Dec 2018 to 14 Dec 2018<\/td>\n\t\t\t<td>Visiting speaker\t\t\t<\/td>\n\t\t<\/tr>\n\t\t\t\t<tr>\n\t\t\t<td><strong>Camille Fouche<\/strong> (Sorbonne)<\/td>\n\t\t\t<td>19 Nov 2018 to 19 May 2019<\/td>\n\t\t\t<td>Visiting student\t\t\t<\/td>\n\t\t<\/tr>\n\t\t\t\t<tr>\n\t\t\t<td><strong>Christopher Badura<\/strong> (Ruhr-Universit\u00e4t Bochum)<\/td>\n\t\t\t<td>1 Sep 2018 to 31 Dec 2018<\/td>\n\t\t\t<td>Visiting student\t\t\t<\/td>\n\t\t<\/tr>\n\t\t\t\t<tr>\n\t\t\t<td><strong>L A Paul<\/strong> (UNC Chapel Hill)<\/td>\n\t\t\t<td>25 May 2018 to 29 Jun 2018<\/td>\n\t\t\t<td>Professorial fellow visit\t\t\t<\/td>\n\t\t<\/tr>\n\t\t\t\t<tr>\n\t\t\t<td><strong>Alain Pe-Curto (UNC CHapel Hill)<\/strong><\/td>\n\t\t\t<td>25 May 2018 to 8 Jul 2018<\/td>\n\t\t\t<td>Visiting Scholar\t\t\t<\/td>\n\t\t<\/tr>\n\t\t\t\t<tr>\n\t\t\t<td><strong>Matt McGrath<\/strong> (Missouri)<\/td>\n\t\t\t<td>25 May 2018 to 2 Jul 2018<\/td>\n\t\t\t<td>Professorial fellow visit\t\t\t<\/td>\n\t\t<\/tr>\n\t\t\t\t<tr>\n\t\t\t<td><strong>Josh Dever<\/strong> (University of Texas at Austin)<\/td>\n\t\t\t<td>15 May 2018 to 2 Jul 2018<\/td>\n\t\t\t<td>Professorial fellow visit\t\t\t<\/td>\n\t\t<\/tr>\n\t\t\t\t<tr>\n\t\t\t<td><strong>Gabriel Uzquano<\/strong> (USC)<\/td>\n\t\t\t<td>14 May 2018 to 23 Jun 2018<\/td>\n\t\t\t<td>Professorial fellow visit\t\t\t<\/td>\n\t\t<\/tr>\n\t\t\t\t<tr>\n\t\t\t<td><strong>Robert Stainton<\/strong> (Western Ontario)<\/td>\n\t\t\t<td>2 Apr 2018 to 3 Apr 2018<\/td>\n\t\t\t<td>Visiting speaker\t\t\t<\/td>\n\t\t<\/tr>\n\t\t\t\t<tr>\n\t\t\t<td><strong>David Bain<\/strong> (University of Glasgow)<\/td>\n\t\t\t<td>27 Oct 2017 to 29 Oct 2017<\/td>\n\t\t\t<td>Visiting speaker\t\t\t<\/td>\n\t\t<\/tr>\n\t\t\t\t<tr>\n\t\t\t<td><strong>Michael Brady<\/strong> (University of Glasgow)<\/td>\n\t\t\t<td>27 Oct 2017 to 29 Oct 2017<\/td>\n\t\t\t<td>Visiting speaker\t\t\t<\/td>\n\t\t<\/tr>\n\t\t\t\t<tr>\n\t\t\t<td><strong>Laura Candiotto<\/strong> (University of Edinburgh)<\/td>\n\t\t\t<td>27 Oct 2017 to 29 Oct 2017<\/td>\n\t\t\t<td>Visiting speaker\t\t\t<\/td>\n\t\t<\/tr>\n\t\t\t\t<tr>\n\t\t\t<td><strong>Alix Cohen<\/strong> (University of Edinburgh)<\/td>\n\t\t\t<td>27 Oct 2017 to 29 Oct 2017<\/td>\n\t\t\t<td>Visiting speaker\t\t\t<\/td>\n\t\t<\/tr>\n\t\t\t\t<tr>\n\t\t\t<td><strong>Jennifer Corns<\/strong> (University of Glasgow)<\/td>\n\t\t\t<td>27 Oct 2017 to 29 Oct 2017<\/td>\n\t\t\t<td>Visiting speaker\t\t\t<\/td>\n\t\t<\/tr>\n\t\t\t\t<tr>\n\t\t\t<td><strong>Robert Cowen<\/strong> (University of Glasgow)<\/td>\n\t\t\t<td>27 Oct 2017 to 29 Oct 2017<\/td>\n\t\t\t<td>Visiting speaker\t\t\t<\/td>\n\t\t<\/tr>\n\t\t\t\t<tr>\n\t\t\t<td><strong>Theodore Scaltas<\/strong> (University of Edinburgh)<\/td>\n\t\t\t<td>27 Oct 2017 to 29 Oct 2017<\/td>\n\t\t\t<td>Visiting speaker\t\t\t<\/td>\n\t\t<\/tr>\n\t\t\t\t<tr>\n\t\t\t<td><strong>Mog Stapleton<\/strong> (University of Edinburgh)<\/td>\n\t\t\t<td>27 Oct 2017 to 29 Oct 2017<\/td>\n\t\t\t<td>Visiting speaker\t\t\t<\/td>\n\t\t<\/tr>\n\t\t\t\t<tr>\n\t\t\t<td><strong>Paula Sweeney<\/strong> (University of Aberdeen)<\/td>\n\t\t\t<td>27 Oct 2017 to 29 Oct 2017<\/td>\n\t\t\t<td>Visiting speaker\t\t\t<\/td>\n\t\t<\/tr>\n\t\t\t\t<tr>\n\t\t\t<td><strong>Cain Todd<\/strong> (University of Lancaster)<\/td>\n\t\t\t<td>27 Oct 2017 to 29 Oct 2017<\/td>\n\t\t\t<td>Visiting speaker\t\t\t<\/td>\n\t\t<\/tr>\n\t\t\t\t<tr>\n\t\t\t<td><strong>Lauren Ware<\/strong> (University of Stirling)<\/td>\n\t\t\t<td>27 Oct 2017 to 29 Oct 2017<\/td>\n\t\t\t<td>Visiting speaker\t\t\t<\/td>\n\t\t<\/tr>\n\t\t\t\t<tr>\n\t\t\t<td><strong>Alex Radulescu<\/strong> (Missouri)<\/td>\n\t\t\t<td>10 Oct 2017<\/td>\n\t\t\t<td>Visiting speaker\t\t\t<\/td>\n\t\t<\/tr>\n\t\t\t\t<tr>\n\t\t\t<td><strong>Ashley Shaw<\/strong> (UCL)<\/td>\n\t\t\t<td>18 Sep 2017 to 15 Dec 2017<\/td>\n\t\t\t<td>Visiting student\t\t\t<\/td>\n\t\t<\/tr>\n\t\t\t\t<tr>\n\t\t\t<td><strong>Jan Reznik<\/strong> (Charles University)<\/td>\n\t\t\t<td>18 Sep 2017 to 31 Jul 2018<\/td>\n\t\t\t<td>Visiting student\t\t\t<\/td>\n\t\t<\/tr>\n\t\t\t\t<tr>\n\t\t\t<td><strong>Ewa Odoj<\/strong> (John Paul II Catholic University of Lublin)<\/td>\n\t\t\t<td>1 Jul 2017 to 31 Dec 2017<\/td>\n\t\t\t<td>Visiting student\t\t\t<\/td>\n\t\t<\/tr>\n\t\t\t\t<tr>\n\t\t\t<td><strong>Ned Hall<\/strong> (Harvard)<\/td>\n\t\t\t<td>15 Jun 2017 to 24 Jun 2017<\/td>\n\t\t\t<td>Visiting speaker\t\t\t<\/td>\n\t\t<\/tr>\n\t\t\t\t<tr>\n\t\t\t<td><strong>Stewart Cohen<\/strong> (Arizona)<\/td>\n\t\t\t<td>22 May 2017 to 16 Jun 2017<\/td>\n\t\t\t<td>Visiting speaker\t\t\t<\/td>\n\t\t<\/tr>\n\t\t\t\t<tr>\n\t\t\t<td><strong>Maegan Fairchild<\/strong> (USC)<\/td>\n\t\t\t<td>17 May 2017 to 15 Jun 2017<\/td>\n\t\t\t<td>Visiting student\t\t\t<\/td>\n\t\t<\/tr>\n\t\t\t\t<tr>\n\t\t\t<td><strong>Gabriel Uzquiano<\/strong> (USC)<\/td>\n\t\t\t<td>15 May 2017 to 17 Jun 2017<\/td>\n\t\t\t<td>Professorial fellow visit\t\t\t<\/td>\n\t\t<\/tr>\n\t\t\t\t<tr>\n\t\t\t<td><strong>Henry Schiller<\/strong> (Texas at Austin)<\/td>\n\t\t\t<td>15 May 2017 to 30 Jun 2017<\/td>\n\t\t\t<td>Visiting student\t\t\t<\/td>\n\t\t<\/tr>\n\t\t\t\t<tr>\n\t\t\t<td><strong>Natalie Gold<\/strong> (KCL)<\/td>\n\t\t\t<td>8 May 2017 to 9 May 2017<\/td>\n\t\t\t<td>Visiting speaker\t\t\t<\/td>\n\t\t<\/tr>\n\t\t\t\t<tr>\n\t\t\t<td><strong>David Owens<\/strong> (KCL)<\/td>\n\t\t\t<td>8 May 2017 to 9 May 2017<\/td>\n\t\t\t<td>Visiting speaker\t\t\t<\/td>\n\t\t<\/tr>\n\t\t\t\t<tr>\n\t\t\t<td><strong>Gill Sagi<\/strong> (Haifa)<\/td>\n\t\t\t<td>1 May 2017 to 5 May 2017<\/td>\n\t\t\t<td>Visiting speaker\t\t\t<\/td>\n\t\t<\/tr>\n\t\t\t\t<tr>\n\t\t\t<td><strong>Susanne Bobzien<\/strong> (Oxford)<\/td>\n\t\t\t<td>11 Apr 2017<\/td>\n\t\t\t<td>Visiting speaker\t\t\t<\/td>\n\t\t<\/tr>\n\t\t\t\t<tr>\n\t\t\t<td><strong>Sandy Goldberg<\/strong> (Northwestern)<\/td>\n\t\t\t<td>2 Mar 2017<\/td>\n\t\t\t<td>Visiting speaker\t\t\t<\/td>\n\t\t<\/tr>\n\t\t\t\t<tr>\n\t\t\t<td><strong>Peter Fritz<\/strong> (Oslo)<\/td>\n\t\t\t<td>5 Dec 2016 to 8 Dec 2016<\/td>\n\t\t\t<td>Visiting speaker\t\t\t<\/td>\n\t\t<\/tr>\n\t\t\t\t<tr>\n\t\t\t<td><strong>Jack Woods<\/strong> (Leeds)<\/td>\n\t\t\t<td><\/td>\n\t\t\t<td>Visiting speaker\t\t\t<\/td>\n\t\t<\/tr>\n\t\t<\/table>\n","protected":false},"excerpt":{"rendered":"<p>See the list of future\u00a0visitors\u00a0or this week&#8217;s Arch\u00e9 visitors<\/p>\n","protected":false},"author":1,"featured_media":0,"parent":1926,"menu_order":0,"comment_status":"closed","ping_status":"closed","template":"page-templates\/fullwidth.php","meta":{"footnotes":"","_links_to":"","_links_to_target":""},"class_list":["post-2890","page","type-page","status-publish","hentry"],"_links":{"self":[{"href":"https:\/\/www.st-andrews.ac.uk\/arche\/wp-json\/wp\/v2\/pages\/2890","targetHints":{"allow":["GET"]}}],"collection":[{"href":"https:\/\/www.st-andrews.ac.uk\/arche\/wp-json\/wp\/v2\/pages"}],"about":[{"href":"https:\/\/www.st-andrews.ac.uk\/arche\/wp-json\/wp\/v2\/types\/page"}],"author":[{"embeddable":true,"href":"https:\/\/www.st-andrews.ac.uk\/arche\/wp-json\/wp\/v2\/users\/1"}],"replies":[{"embeddable":true,"href":"https:\/\/www.st-andrews.ac.uk\/arche\/wp-json\/wp\/v2\/comments?post=2890"}],"version-history":[{"count":4,"href":"https:\/\/www.st-andrews.ac.uk\/arche\/wp-json\/wp\/v2\/pages\/2890\/revisions"}],"predecessor-version":[{"id":2898,"href":"https:\/\/www.st-andrews.ac.uk\/arche\/wp-json\/wp\/v2\/pages\/2890\/revisions\/2898"}],"up":[{"embeddable":true,"href":"https:\/\/www.st-andrews.ac.uk\/arche\/wp-json\/wp\/v2\/pages\/1926"}],"wp:attachment":[{"href":"https:\/\/www.st-andrews.ac.uk\/arche\/wp-json\/wp\/v2\/media?parent=2890"}],"curies":[{"name":"wp","href":"https:\/\/api.w.org\/{rel}","templated":true}]}}